{"id":8547,"date":"2025-02-13T17:29:21","date_gmt":"2025-02-13T16:29:21","guid":{"rendered":"https:\/\/www.mipesa.es\/?page_id=8547"},"modified":"2025-02-14T10:26:05","modified_gmt":"2025-02-14T09:26:05","slug":"clausula-lopd-clientes","status":"publish","type":"page","link":"https:\/\/www.mipesa.es\/en\/clausula-lopd-clientes\/","title":{"rendered":"Informaci\u00f3n sobre Protecci\u00f3n de Datos Gesti\u00f3n de Clientes"},"content":{"rendered":"\n<p><strong>Responsables del tratamiento:<\/strong><\/p>\n\n\n\n<ul class=\"wp-block-list\">\n<li><strong>Nombre o Raz\u00f3n Social:<\/strong> MIPESA GRUPO EMPRESARIAL SL<\/li>\n\n\n\n<li><strong>Dir. postal<\/strong><strong>:<\/strong> Avenida Montortal, 6 de\u00a0 L&#8217;Alc\u00fadia CP (46250) Valencia<\/li>\n\n\n\n<li><strong>CIF:<\/strong> B46988291\u00a0\u00a0\u00a0\u00a0\u00a0\u00a0\u00a0\u00a0\u00a0 &#8211; <strong>Tel\u00e9fono:<\/strong> 962 54 04 04<\/li>\n\n\n\n<li><strong>Email<\/strong><strong>:<\/strong> <a href=\"file:\/\/\/C:\/Users\/Javier\/Downloads\/$%7Bemail%7D\">comercial@mipesa.es<\/a> &#8211; <strong>Web:<\/strong> https:\/\/www.mipesa.es\/<\/li>\n<\/ul>\n\n\n\n<ul class=\"wp-block-list\">\n<li><strong>Nombre o Raz\u00f3n Social:<\/strong> MIPESA MECANIZADOS SLU<\/li>\n\n\n\n<li><strong>Dir. postal<\/strong><strong>:<\/strong> Calle Llauradors, 10 de\u00a0 L&#8217;Alc\u00fadia CP (46250) Valencia<\/li>\n\n\n\n<li><strong>CIF:<\/strong> B46206256\u00a0\u00a0\u00a0\u00a0\u00a0\u00a0\u00a0\u00a0\u00a0 &#8211; <strong>Tel\u00e9fono:<\/strong> 96 254 04 04<\/li>\n\n\n\n<li><strong>Email<\/strong><strong>:<\/strong> <a href=\"file:\/\/\/C:\/Users\/Javier\/Downloads\/$%7Bemail%7D\">comercial@mipesa.es<\/a> &#8211; <strong>Web:<\/strong> https:\/\/www.mipesa.es\/<\/li>\n<\/ul>\n\n\n\n<ul class=\"wp-block-list\">\n<li><strong>Nombre o Raz\u00f3n Social:<\/strong> MIPESA MONTAJE DE MAQUINARIA SLU<\/li>\n\n\n\n<li><strong>Dir. postal<\/strong><strong>:<\/strong> Calle Llauradors, 6 de\u00a0 L&#8217;Alc\u00fadia CP (46250) Valencia<\/li>\n\n\n\n<li><strong>CIF:<\/strong> B02866630\u00a0\u00a0\u00a0\u00a0\u00a0\u00a0\u00a0\u00a0\u00a0 &#8211; <strong>Tel\u00e9fono:<\/strong> 96 254 04 04<\/li>\n\n\n\n<li><strong>Email<\/strong><strong>:<\/strong> <a href=\"file:\/\/\/C:\/Users\/Javier\/Downloads\/$%7Bemail%7D\">comercial@mipesa.es<\/a> &#8211; <strong>Web:<\/strong> https:\/\/www.mipesa.es\/<\/li>\n<\/ul>\n\n\n\n<ul class=\"wp-block-list\">\n<li><strong>Nombre o Raz\u00f3n Social:<\/strong> SAPEMI MECANIZADOS SLU<\/li>\n\n\n\n<li><strong>Dir. postal<\/strong><strong>:<\/strong> Calle Llauradors, 12 46250 46250\u00a0 Valencia de\u00a0 L&#8217;Alc\u00fadia CP (46250) Valencia<\/li>\n\n\n\n<li><strong>CIF:<\/strong> B96842687\u00a0\u00a0\u00a0\u00a0\u00a0\u00a0\u00a0\u00a0\u00a0 &#8211; <strong>Tel\u00e9fono:<\/strong> 962 99 66 67<\/li>\n\n\n\n<li><strong>Email<\/strong><strong>:<\/strong> <a href=\"file:\/\/\/C:\/Users\/Javier\/Downloads\/$%7Bemail%7D\">comercial@mipesa.es<\/a> &#8211; <strong>Web:<\/strong> https:\/\/www.sapemi.es\/<\/li>\n<\/ul>\n\n\n\n<p><strong>Finalidades:<\/strong><\/p>\n\n\n\n<ul class=\"wp-block-list\">\n<li><strong>Gesti\u00f3n y atenci\u00f3n de clientes<\/strong>: La finalidad del tratamiento es la gesti\u00f3n y atenci\u00f3n de clientes, gesti\u00f3n administrativa, gesti\u00f3n de pedidos, facturaci\u00f3n, gesti\u00f3n y control de cobros, contabilidad y cualquier otra para mantener la relaci\u00f3n con los clientes<\/li>\n\n\n\n<li><strong>Gesti\u00f3n de los datos de contacto<\/strong>: La finalidad del tratamiento de sus datos personales de contacto es la gestionar adecuadamente la relaci\u00f3n comercial con la Organizaci\u00f3n en la que usted como personas f\u00edsicas que presta sus servicios<\/li>\n<\/ul>\n\n\n\n<p><strong>Legitimaci\u00f3n:<\/strong><\/p>\n\n\n\n<ul class=\"wp-block-list\">\n<li><strong>Gesti\u00f3n y atenci\u00f3n de clientes<\/strong>: La base jur\u00eddica del tratamiento es la ejecuci\u00f3n de un contrato ventas de productos y\/o servicios de ingenier\u00eda mec\u00e1nica y\/o fabricaci\u00f3n de estructuras met\u00e1licas y sus componentes seg\u00fan los t\u00e9rminos y condiciones que constan en orden de pedido, oferta o documento an\u00e1logo.<\/li>\n<\/ul>\n\n\n\n<p>Asimismo, tenemos la obligaci\u00f3n legal de conservar determinados datos personales con fines fiscales y contables, as\u00ed como para cualquier reclamaci\u00f3n legal que pueda iniciarse<\/p>\n\n\n\n<ul class=\"wp-block-list\">\n<li><strong>Gesti\u00f3n de los datos de contacto<\/strong>: Inter\u00e9s leg\u00edtimo en gestionar los datos de contacto de las personas f\u00edsicas que presten servicios en una persona jur\u00eddica con el prop\u00f3sito de mantener las relaciones comerciales con la persona jur\u00eddica donde el interesado est\u00e1 prestando sus servicios.<\/li>\n<\/ul>\n\n\n\n<p><strong>Plazo de conservaci\u00f3n<\/strong>:<\/p>\n\n\n\n<p>Los datos se conservar\u00e1n mientras se mantenga la relaci\u00f3n contractual y, una vez extinguida, los datos personales se conservar\u00e1n debidamente bloqueados durante los plazos de prescripci\u00f3n de nuestras obligaciones legales o durante los plazos de prescripci\u00f3n de las acciones legales o judiciales que resulten de aplicaci\u00f3n.<\/p>\n\n\n\n<p><strong>Destinatarios<\/strong>:<\/p>\n\n\n\n<ul class=\"wp-block-list\">\n<li>Bancos, cajas de ahorros y cajas rurales: Gesti\u00f3n del cobro de las facturas emitidas a los clientes.<\/li>\n\n\n\n<li>Administraci\u00f3n tributaria: Cumplimiento de las obligaciones tributarias con la AEAT<\/li>\n\n\n\n<li>Servicios administrativos y de asesor\u00eda de empresa y de consultor\u00eda inform\u00e1tica: Prestador de servicios contratado por la Organizaci\u00f3n<\/li>\n<\/ul>\n\n\n\n<p><strong>Decisiones Automatizadas<\/strong>:<\/p>\n\n\n\n<p>No se tomar\u00e1n decisiones automatizadas sobre sus datos personales ni se proceder\u00e1 a la elaboraci\u00f3n de perfiles.<\/p>\n\n\n\n<p><strong>Transferencias<\/strong><strong> Internacionales:<\/strong><\/p>\n\n\n\n<p>Microsoft Corporation: El responsable del tratamiento contrata su infraestructura virtual que contempla el alojamiento de los datos personales seg\u00fan un modelo de &#8220;computaci\u00f3n en la nube&#8221; a trav\u00e9s de los servicios de Microsoft 365 pertenecientes a la Organizaci\u00f3n Microsoft Corporation, transferencia realizada al amparo de las Cl\u00e1usulas Contractuales Tipo de la Comisi\u00f3n del art 46 del RGPD. Mas informaci\u00f3n en <a href=\"https:\/\/protect.checkpoint.com\/v2\/r02\/___https:\/docs.microsoft.com\/es-es\/compliance\/regulatory\/offering-eu-model-clauses___.YzJlOm1pcGVzYTpjOm86NzllOTBjZDE0NDJhNzEzYTRmODM2MTEyY2ZlZjVhYmQ6NzowOWJlOjljZTNmMTZlYWU1MWIzMmE1ZmMyMzRhNTY3YzhlMjUxN2ZiODg5ZDgxNDQyMDQ4YmZhNDVkZmMwZDE3YzQ3NzA6cDpGOk4\" target=\"_blank\" rel=\"noopener\">https:\/\/docs.microsoft.com\/es-es\/compliance\/regulatory\/offering-eu-model-clauses<\/a><\/p>\n\n\n\n<p><strong>Derechos de los interesados<\/strong>:<\/p>\n\n\n\n<p>Como interesado pueden ejercitar sus derechos de acceso, rectificaci\u00f3n, supresi\u00f3n, u oposici\u00f3n. Tiene derecho a retirar el consentimiento en cualquier momento para aquellas finalidades a las que a otorgado el consentimiento.<\/p>\n\n\n\n<p>En determinadas circunstancias, el interesado podr\u00e1 solicitar al portabilidad de los datos y, por lo tanto, a recibir los datos personales que le incumban en un formato estructurado, de uso com\u00fan y lectura mec\u00e1nica, para poder transmitirlos a otro responsable del tratamiento<\/p>\n\n\n\n<p>En determinadas circunstancias, el interesado podr\u00e1 solicitar la limitaci\u00f3n del tratamiento de sus datos, en cuyo caso \u00fanicamente los conservaremos para el ejercicio o la defensa de reclamaciones.<\/p>\n\n\n\n<p>Los interesados tienen derecho a reclamar ante la Autoridad de Control (Agencia Espa\u00f1ola de Protecci\u00f3n de Datos <a href=\"https:\/\/protect.checkpoint.com\/v2\/r02\/___http:\/www.agpd.es___.YzJlOm1pcGVzYTpjOm86NzllOTBjZDE0NDJhNzEzYTRmODM2MTEyY2ZlZjVhYmQ6NzplMGY2OjY1OWFhZWU1ZWM5ZjU0NDQwOTc1OWNmN2M4ZGY0ZjcxMjgzZjAyZDM4NGI2MTcyYTcxOWM3OWM0ZjI1YjIzMTE6cDpGOk4\" target=\"_blank\" rel=\"noopener\">www.agpd.es<\/a>).<\/p>\n\n\n\n<p>Puede ejercitar sus derechos ante las direcciones indicadas en la identificaci\u00f3n de los responsables o a trav\u00e9s del e-mail: comercial@mipesa.es. Deber\u00e1 especificar cu\u00e1l de estos derechos solicita para que sea satisfecho y, a su vez, deber\u00e1 acompa\u00f1arse de la fotocopia del DNI o documento identificativo equivalente. Si quiere disponer de un modelo para ello podr\u00e1:<\/p>\n\n\n\n<ul class=\"wp-block-list\">\n<li>Bien utilizar un modelo oficial de la Agencia: <a href=\"https:\/\/protect.checkpoint.com\/v2\/r02\/___https:\/www.aepd.es\/reglamento\/derechos\/index.html___.YzJlOm1pcGVzYTpjOm86NzllOTBjZDE0NDJhNzEzYTRmODM2MTEyY2ZlZjVhYmQ6NzphY2UwOmUxYmEyNDMzODg2ZDA5MGZjMDVjZGYxOTg5MmRiZjI5ODA2MDZjMzg5MTY0ZjVkODZiMmExZmFhMWVkZWVmZjc6cDpGOk4\" target=\"_blank\" rel=\"noopener\">https:\/\/www.aepd.es\/reglamento\/derechos\/index.html<\/a><\/li>\n\n\n\n<li>Bien solicitarnos un modelo: comercial@mipesa.es<\/li>\n<\/ul>\n","protected":false},"excerpt":{"rendered":"<p>Responsables del tratamiento: Finalidades: Legitimaci\u00f3n: Asimismo, tenemos la obligaci\u00f3n legal de conservar determinados datos personales con fines fiscales y contables, as\u00ed como para cualquier reclamaci\u00f3n legal que pueda iniciarse Plazo de conservaci\u00f3n: Los datos se conservar\u00e1n mientras se mantenga la relaci\u00f3n contractual y, una vez extinguida, los datos personales se conservar\u00e1n debidamente bloqueados durante los &#8230; <\/p>\n<p class=\"read-more-container\"><a title=\"Informaci\u00f3n sobre Protecci\u00f3n de Datos Gesti\u00f3n de Clientes\" class=\"read-more button\" href=\"https:\/\/www.mipesa.es\/en\/clausula-lopd-clientes\/#more-8547\" aria-label=\"Read more about Informaci\u00f3n sobre Protecci\u00f3n de Datos Gesti\u00f3n de Clientes\">Read more<\/a><\/p>\n","protected":false},"author":1,"featured_media":0,"parent":0,"menu_order":0,"comment_status":"closed","ping_status":"closed","template":"","meta":{"content-type":"","footnotes":""},"class_list":["post-8547","page","type-page","status-publish"],"_links":{"self":[{"href":"https:\/\/www.mipesa.es\/en\/wp-json\/wp\/v2\/pages\/8547","targetHints":{"allow":["GET"]}}],"collection":[{"href":"https:\/\/www.mipesa.es\/en\/wp-json\/wp\/v2\/pages"}],"about":[{"href":"https:\/\/www.mipesa.es\/en\/wp-json\/wp\/v2\/types\/page"}],"author":[{"embeddable":true,"href":"https:\/\/www.mipesa.es\/en\/wp-json\/wp\/v2\/users\/1"}],"replies":[{"embeddable":true,"href":"https:\/\/www.mipesa.es\/en\/wp-json\/wp\/v2\/comments?post=8547"}],"version-history":[{"count":0,"href":"https:\/\/www.mipesa.es\/en\/wp-json\/wp\/v2\/pages\/8547\/revisions"}],"wp:attachment":[{"href":"https:\/\/www.mipesa.es\/en\/wp-json\/wp\/v2\/media?parent=8547"}],"curies":[{"name":"wp","href":"https:\/\/api.w.org\/{rel}","templated":true}]}}