{"id":418,"date":"2013-07-17T12:56:40","date_gmt":"2013-07-17T11:56:40","guid":{"rendered":"http:\/\/www.mipesa.es\/?page_id=418"},"modified":"2026-03-06T09:32:18","modified_gmt":"2026-03-06T08:32:18","slug":"trabajo-de-mecanizado","status":"publish","type":"page","link":"https:\/\/www.mipesa.es\/en\/trabajo-de-mecanizado\/","title":{"rendered":"Trabajo de Mecanizado"},"content":{"rendered":"\t\t<div data-elementor-type=\"wp-page\" data-elementor-id=\"418\" class=\"elementor elementor-418\">\n\t\t\t\t\t\t<section class=\"elementor-section elementor-top-section elementor-element elementor-element-25cc959 elementor-section-stretched elementor-section-full_width elementor-section-height-default elementor-section-height-default\" data-id=\"25cc959\" data-element_type=\"section\" data-e-type=\"section\" data-settings=\"{&quot;stretch_section&quot;:&quot;section-stretched&quot;}\">\n\t\t\t\t\t\t\t<div class=\"elementor-background-overlay\"><\/div>\n\t\t\t\t\t\t\t<div class=\"elementor-container elementor-column-gap-default\">\n\t\t\t\t\t<div class=\"elementor-column elementor-col-100 elementor-top-column elementor-element elementor-element-505d3ea\" data-id=\"505d3ea\" data-element_type=\"column\" data-e-type=\"column\" data-settings=\"{&quot;background_background&quot;:&quot;classic&quot;}\">\n\t\t\t<div class=\"elementor-widget-wrap elementor-element-populated\">\n\t\t\t\t\t\t<div class=\"elementor-element elementor-element-f0874c6 elementor-widget elementor-widget-heading\" data-id=\"f0874c6\" data-element_type=\"widget\" data-e-type=\"widget\" data-widget_type=\"heading.default\">\n\t\t\t\t<div class=\"elementor-widget-container\">\n\t\t\t\t\t<h1 class=\"elementor-heading-title elementor-size-default\">Trabajo de Mecanizado<\/h1>\t\t\t\t<\/div>\n\t\t\t\t<\/div>\n\t\t\t\t\t<\/div>\n\t\t<\/div>\n\t\t\t\t\t<\/div>\n\t\t<\/section>\n\t\t\t\t<section class=\"elementor-section elementor-top-section elementor-element elementor-element-64f6c3ee elementor-section-boxed elementor-section-height-default elementor-section-height-default\" data-id=\"64f6c3ee\" data-element_type=\"section\" data-e-type=\"section\">\n\t\t\t\t\t\t<div class=\"elementor-container elementor-column-gap-default\">\n\t\t\t\t\t<div class=\"elementor-column elementor-col-100 elementor-top-column elementor-element elementor-element-24bac916\" data-id=\"24bac916\" data-element_type=\"column\" data-e-type=\"column\">\n\t\t\t<div class=\"elementor-widget-wrap elementor-element-populated\">\n\t\t\t\t\t\t<div class=\"elementor-element elementor-element-3c67d520 elementor-widget elementor-widget-heading\" data-id=\"3c67d520\" data-element_type=\"widget\" data-e-type=\"widget\" data-widget_type=\"heading.default\">\n\t\t\t\t<div class=\"elementor-widget-container\">\n\t\t\t\t\t<h2 class=\"elementor-heading-title elementor-size-default\">Trabajo de Mecanizado<\/h2>\t\t\t\t<\/div>\n\t\t\t\t<\/div>\n\t\t\t\t<div class=\"elementor-element elementor-element-9be09b3 elementor-widget elementor-widget-text-editor\" data-id=\"9be09b3\" data-element_type=\"widget\" data-e-type=\"widget\" data-widget_type=\"text-editor.default\">\n\t\t\t\t<div class=\"elementor-widget-container\">\n\t\t\t\t\t\t\t\t\t<p>Si lo tuyo es el mecanizado, esta es tu Empresa.\u00a0<\/p>\n<p class=\"\">En MIPESA valoramos el talento, la creatividad, el esfuerzo y las ganas de aprender. Por eso, si est\u00e1s buscando trabajo, si deseas mejorar tu situaci\u00f3n, no dudes en dejarnos tu CV y qu\u00e9 es eso que te hace diferente a los dem\u00e1s en unas pocas l\u00edneas.<\/p>\t\t\t\t\t\t\t\t<\/div>\n\t\t\t\t<\/div>\n\t\t\t\t<section class=\"elementor-section elementor-inner-section elementor-element elementor-element-1f8efe3c elementor-section-boxed elementor-section-height-default elementor-section-height-default\" data-id=\"1f8efe3c\" data-element_type=\"section\" data-e-type=\"section\">\n\t\t\t\t\t\t<div class=\"elementor-container elementor-column-gap-default\">\n\t\t\t\t\t<div class=\"elementor-column elementor-col-33 elementor-inner-column elementor-element elementor-element-5cd162c9\" data-id=\"5cd162c9\" data-element_type=\"column\" data-e-type=\"column\">\n\t\t\t<div class=\"elementor-widget-wrap elementor-element-populated\">\n\t\t\t\t\t\t<div class=\"elementor-element elementor-element-1706fb87 elementor-widget elementor-widget-image\" data-id=\"1706fb87\" data-element_type=\"widget\" data-e-type=\"widget\" data-widget_type=\"image.default\">\n\t\t\t\t<div class=\"elementor-widget-container\">\n\t\t\t\t\t\t\t\t\t\t\t\t\t\t\t<img fetchpriority=\"high\" decoding=\"async\" width=\"400\" height=\"600\" src=\"https:\/\/www.mipesa.es\/wp-content\/uploads\/2020\/08\/josh-calabrese-Ev1XqeVL2wI-unsplash-2.jpg\" class=\"attachment-large size-large wp-image-5123\" alt=\"trabajo de mecanizado en equipo\" srcset=\"https:\/\/www.mipesa.es\/wp-content\/uploads\/2020\/08\/josh-calabrese-Ev1XqeVL2wI-unsplash-2.jpg 400w, https:\/\/www.mipesa.es\/wp-content\/uploads\/2020\/08\/josh-calabrese-Ev1XqeVL2wI-unsplash-2-200x300.jpg 200w\" sizes=\"(max-width: 400px) 100vw, 400px\" title=\"\">\t\t\t\t\t\t\t\t\t\t\t\t\t\t\t<\/div>\n\t\t\t\t<\/div>\n\t\t\t\t\t<\/div>\n\t\t<\/div>\n\t\t\t\t<div class=\"elementor-column elementor-col-33 elementor-inner-column elementor-element elementor-element-247d7650\" data-id=\"247d7650\" data-element_type=\"column\" data-e-type=\"column\">\n\t\t\t<div class=\"elementor-widget-wrap elementor-element-populated\">\n\t\t\t\t\t\t<div class=\"elementor-element elementor-element-7ce46896 elementor-widget elementor-widget-image\" data-id=\"7ce46896\" data-element_type=\"widget\" data-e-type=\"widget\" data-widget_type=\"image.default\">\n\t\t\t\t<div class=\"elementor-widget-container\">\n\t\t\t\t\t\t\t\t\t\t\t\t\t\t\t<img decoding=\"async\" width=\"600\" height=\"399\" src=\"https:\/\/www.mipesa.es\/wp-content\/uploads\/2020\/08\/glenn-carstens-peters-npxXWgQ33ZQ-unsplash-2.jpg\" class=\"attachment-large size-large wp-image-5122\" alt=\"Trabajo mecanizado\" srcset=\"https:\/\/www.mipesa.es\/wp-content\/uploads\/2020\/08\/glenn-carstens-peters-npxXWgQ33ZQ-unsplash-2.jpg 600w, https:\/\/www.mipesa.es\/wp-content\/uploads\/2020\/08\/glenn-carstens-peters-npxXWgQ33ZQ-unsplash-2-300x200.jpg 300w\" sizes=\"(max-width: 600px) 100vw, 600px\" title=\"\">\t\t\t\t\t\t\t\t\t\t\t\t\t\t\t<\/div>\n\t\t\t\t<\/div>\n\t\t\t\t\t<\/div>\n\t\t<\/div>\n\t\t\t\t<div class=\"elementor-column elementor-col-33 elementor-inner-column elementor-element elementor-element-3cb19f6e\" data-id=\"3cb19f6e\" data-element_type=\"column\" data-e-type=\"column\">\n\t\t\t<div class=\"elementor-widget-wrap elementor-element-populated\">\n\t\t\t\t\t\t<div class=\"elementor-element elementor-element-23d56ded elementor-widget elementor-widget-image\" data-id=\"23d56ded\" data-element_type=\"widget\" data-e-type=\"widget\" data-widget_type=\"image.default\">\n\t\t\t\t<div class=\"elementor-widget-container\">\n\t\t\t\t\t\t\t\t\t\t\t\t\t\t\t<img decoding=\"async\" width=\"400\" height=\"600\" src=\"https:\/\/www.mipesa.es\/wp-content\/uploads\/2020\/08\/nate-johnston-nak9xdVuHAg-unsplash-2.jpg\" class=\"attachment-large size-large wp-image-5124\" alt=\"ofertas empleo mecanizado\" srcset=\"https:\/\/www.mipesa.es\/wp-content\/uploads\/2020\/08\/nate-johnston-nak9xdVuHAg-unsplash-2.jpg 400w, https:\/\/www.mipesa.es\/wp-content\/uploads\/2020\/08\/nate-johnston-nak9xdVuHAg-unsplash-2-200x300.jpg 200w\" sizes=\"(max-width: 400px) 100vw, 400px\" title=\"\">\t\t\t\t\t\t\t\t\t\t\t\t\t\t\t<\/div>\n\t\t\t\t<\/div>\n\t\t\t\t\t<\/div>\n\t\t<\/div>\n\t\t\t\t\t<\/div>\n\t\t<\/section>\n\t\t\t\t\t<\/div>\n\t\t<\/div>\n\t\t\t\t\t<\/div>\n\t\t<\/section>\n\t\t\t\t<section class=\"elementor-section elementor-top-section elementor-element elementor-element-7ccc5bb6 elementor-section-boxed elementor-section-height-default elementor-section-height-default\" data-id=\"7ccc5bb6\" data-element_type=\"section\" data-e-type=\"section\">\n\t\t\t\t\t\t<div class=\"elementor-container elementor-column-gap-default\">\n\t\t\t\t\t<div class=\"elementor-column elementor-col-100 elementor-top-column elementor-element elementor-element-727d7d4d\" data-id=\"727d7d4d\" data-element_type=\"column\" data-e-type=\"column\">\n\t\t\t<div class=\"elementor-widget-wrap elementor-element-populated\">\n\t\t\t\t\t\t<div class=\"elementor-element elementor-element-764de772 elementor-widget elementor-widget-heading\" data-id=\"764de772\" data-element_type=\"widget\" data-e-type=\"widget\" data-widget_type=\"heading.default\">\n\t\t\t\t<div class=\"elementor-widget-container\">\n\t\t\t\t\t<h2 class=\"elementor-heading-title elementor-size-default\">Oferta de Trabajo de Soldador<\/h2>\t\t\t\t<\/div>\n\t\t\t\t<\/div>\n\t\t\t\t<div class=\"elementor-element elementor-element-3ac3455f elementor-widget elementor-widget-text-editor\" data-id=\"3ac3455f\" data-element_type=\"widget\" data-e-type=\"widget\" data-widget_type=\"text-editor.default\">\n\t\t\t\t<div class=\"elementor-widget-container\">\n\t\t\t\t\t\t\t\t\t<p>Actualmente estamos buscando <b>sodador<\/b><\/p><ul><li style=\"font-family: Aptos, Aptos_EmbeddedFont, Aptos_MSFontService, Calibri, Helvetica, sans-serif; font-size: 12pt; color: #000000;\"><b>Soldador<\/b>\u00a0con experiencia, especialmente en tecnolog\u00edas MIG y TIG.<\/li><li style=\"font-family: Aptos, Aptos_EmbeddedFont, Aptos_MSFontService, Calibri, Helvetica, sans-serif; font-size: 12pt; color: #000000;\">Conocimientos en interpretaci\u00f3n de planos.<\/li><li style=\"font-family: Aptos, Aptos_EmbeddedFont, Aptos_MSFontService, Calibri, Helvetica, sans-serif; font-size: 12pt; color: #000000;\">Persona responsable, precisa y con buena capacidad de trabajo en equipo.<\/li><li style=\"font-family: Aptos, Aptos_EmbeddedFont, Aptos_MSFontService, Calibri, Helvetica, sans-serif; font-size: 12pt; color: #000000;\">Residencia cercana a L\u2019Alc\u00fadia o disponibilidad para desplazarse.<\/li><\/ul><p>Estamos a 40 km de Valencia, en la comarca de la Ribera Alta, por lo que deber\u00e1s de contar con veh\u00edculo propio para desplazamientos. Trabajar\u00e1s a turnos (ma\u00f1ana &#8211; tarde), en un ambiente distendido, junto a un equipo de m\u00e1s de 100 profesionales.<\/p><p>Queremos conocerte y contar con tu empuje y apoyo. Esperamos con ansias recibir tu CV a trav\u00e9s del formulario que encontrar\u00e1s m\u00e1s abajo.<\/p>\t\t\t\t\t\t\t\t<\/div>\n\t\t\t\t<\/div>\n\t\t\t\t\t<\/div>\n\t\t<\/div>\n\t\t\t\t\t<\/div>\n\t\t<\/section>\n\t\t\t\t<section class=\"elementor-section elementor-top-section elementor-element elementor-element-8894759 elementor-section-boxed elementor-section-height-default elementor-section-height-default\" data-id=\"8894759\" data-element_type=\"section\" data-e-type=\"section\">\n\t\t\t\t\t\t<div class=\"elementor-container elementor-column-gap-default\">\n\t\t\t\t\t<div class=\"elementor-column elementor-col-100 elementor-top-column elementor-element elementor-element-222a86b\" data-id=\"222a86b\" data-element_type=\"column\" data-e-type=\"column\">\n\t\t\t<div class=\"elementor-widget-wrap elementor-element-populated\">\n\t\t\t\t\t\t<div class=\"elementor-element elementor-element-4150f12 elementor-widget elementor-widget-heading\" data-id=\"4150f12\" data-element_type=\"widget\" data-e-type=\"widget\" data-widget_type=\"heading.default\">\n\t\t\t\t<div class=\"elementor-widget-container\">\n\t\t\t\t\t<h2 class=\"elementor-heading-title elementor-size-default\">Oferta de trabajo de t\u00e9cnico para Oficina T\u00e9cnica<\/h2>\t\t\t\t<\/div>\n\t\t\t\t<\/div>\n\t\t\t\t<div class=\"elementor-element elementor-element-fa95884 elementor-widget elementor-widget-text-editor\" data-id=\"fa95884\" data-element_type=\"widget\" data-e-type=\"widget\" data-widget_type=\"text-editor.default\">\n\t\t\t\t<div class=\"elementor-widget-container\">\n\t\t\t\t\t\t\t\t\t<div>Queremos reforzar nuestro <b>equipo de oficina t\u00e9cnica<\/b> con un perfil especializado en <b>dibujo t\u00e9cnico industrial y delineaci\u00f3n<\/b>, con dominio de software 2D y una s\u00f3lida capacidad de interpretaci\u00f3n de planos.<\/div><div>\u00a0<\/div><div><b>Responsabilidades:<\/b><\/div><div>\u00a0<\/div><div>* \u00a0 Realizaci\u00f3n de planos en 2D para fabricaci\u00f3n.<\/div><div>* \u00a0 Preparaci\u00f3n de despieces, listados de materiales y documentaci\u00f3n t\u00e9cnica.<\/div><div>*\u00a0 \u00a0Elaboraci\u00f3n de presupuestos para fabricaci\u00f3n.<\/div><div>* \u00a0 Revisi\u00f3n y optimizaci\u00f3n de dise\u00f1os seg\u00fan procesos de fabricaci\u00f3n.<\/div><div>\u00a0<\/div><div><b>Requisitos:<\/b><\/div><div>\u00a0<\/div><div>* \u00a0 Formaci\u00f3n en delineaci\u00f3n industrial, dise\u00f1o mec\u00e1nico o similar.<\/div><div>* \u00a0 Experiencia en **dibujo t\u00e9cnico 2D** con herramientas CAD.<\/div><div>* \u00a0 Excelente interpretaci\u00f3n de planos mec\u00e1nicos.<\/div><div>* \u00a0 Persona organizada, meticulosa y con capacidad de trabajo en equipo.<\/div><div>\u00a0<\/div><div><b>Se valorar\u00e1 especialmente:<\/b><\/div><div>\u00a0<\/div><div>* \u00a0 Conocimiento de procesos de fabricaci\u00f3n metalmec\u00e1nica, como:<\/div><div>\u00a0 \u00a0 * \u00a0 Corte y deformaci\u00f3n met\u00e1lica (l\u00e1ser, plegado, curvado\u2026).<\/div><div>\u00a0 \u00a0 *\u00a0 \u00a0Mecanizado por arranque de viruta (torno, fresado\u2026).<\/div><div>* \u00a0 Experiencia previa en talleres, calderer\u00eda o mecanizado.<\/div><div>* \u00a0 Manejo de software CAD 3D (SolidWorks, Inventor u otros).<\/div><div>\u00a0<\/div><div><b>Ofrecemos:<\/b><\/div><div>\u00a0<\/div><div>* \u00a0 Puesto estable y con proyecci\u00f3n.<\/div><div>* \u00a0 Formaci\u00f3n interna seg\u00fan necesidades.<\/div><div>* \u00a0 Salario acorde a experiencia y capacidades.<\/div><div>* \u00a0 Buen ambiente de trabajo y equipo consolidado<\/div><div>\u00a0<\/div><div>Queremos conocerte y contar con tu empuje y apoyo. Esperamos con ansias recibir tu CV a trav\u00e9s del formulario que encontrar\u00e1s m\u00e1s abajo.<\/div>\t\t\t\t\t\t\t\t<\/div>\n\t\t\t\t<\/div>\n\t\t\t\t\t<\/div>\n\t\t<\/div>\n\t\t\t\t\t<\/div>\n\t\t<\/section>\n\t\t\t\t<section class=\"elementor-section elementor-top-section elementor-element elementor-element-3fe8085 elementor-section-boxed elementor-section-height-default elementor-section-height-default\" data-id=\"3fe8085\" data-element_type=\"section\" data-e-type=\"section\">\n\t\t\t\t\t\t<div class=\"elementor-container elementor-column-gap-default\">\n\t\t\t\t\t<div class=\"elementor-column elementor-col-100 elementor-top-column elementor-element elementor-element-9d608c9\" data-id=\"9d608c9\" data-element_type=\"column\" data-e-type=\"column\">\n\t\t\t<div class=\"elementor-widget-wrap elementor-element-populated\">\n\t\t\t\t\t\t<div class=\"elementor-element elementor-element-3b2c0ac elementor-widget elementor-widget-shortcode\" data-id=\"3b2c0ac\" data-element_type=\"widget\" data-e-type=\"widget\" data-widget_type=\"shortcode.default\">\n\t\t\t\t<div class=\"elementor-widget-container\">\n\t\t\t\t\t\t\t<div class=\"elementor-shortcode\">\n\t\t\t\t\t\t<script>\n\t\t\t\t\t\t\twindow.hsFormsOnReady = window.hsFormsOnReady || [];\n\t\t\t\t\t\t\twindow.hsFormsOnReady.push(()=>{\n\t\t\t\t\t\t\t\thbspt.forms.create({\n\t\t\t\t\t\t\t\t\tportalId: 5451824,\n\t\t\t\t\t\t\t\t\tformId: \"f68ce807-370f-4ded-966d-9c3e24c68b6b\",\n\t\t\t\t\t\t\t\t\ttarget: \"#hbspt-form-1776511971000-3240008125\",\n\t\t\t\t\t\t\t\t\tregion: \"na1\",\n\t\t\t\t\t\t\t\t\t\n\t\t\t\t\t\t\t})});\n\t\t\t\t\t\t<\/script>\n\t\t\t\t\t\t<div class=\"hbspt-form\" id=\"hbspt-form-1776511971000-3240008125\"><\/div><\/div>\n\t\t\t\t\t\t<\/div>\n\t\t\t\t<\/div>\n\t\t\t\t\t<\/div>\n\t\t<\/div>\n\t\t\t\t\t<\/div>\n\t\t<\/section>\n\t\t\t\t<\/div>\n\t\t","protected":false},"excerpt":{"rendered":"<p>Trabajo de Mecanizado Trabajo de Mecanizado Si lo tuyo es el mecanizado, esta es tu Empresa.\u00a0 En MIPESA valoramos el talento, la creatividad, el esfuerzo y las ganas de aprender. Por eso, si est\u00e1s buscando trabajo, si deseas mejorar tu situaci\u00f3n, no dudes en dejarnos tu CV y qu\u00e9 es eso que te hace diferente &#8230; <\/p>\n<p class=\"read-more-container\"><a title=\"Trabajo de Mecanizado\" class=\"read-more button\" href=\"https:\/\/www.mipesa.es\/en\/trabajo-de-mecanizado\/#more-418\" aria-label=\"Read more about Trabajo de Mecanizado\">Read more<\/a><\/p>\n","protected":false},"author":1,"featured_media":2087,"parent":0,"menu_order":3,"comment_status":"closed","ping_status":"closed","template":"","meta":{"content-type":"","footnotes":""},"class_list":["post-418","page","type-page","status-publish","has-post-thumbnail"],"_links":{"self":[{"href":"https:\/\/www.mipesa.es\/en\/wp-json\/wp\/v2\/pages\/418","targetHints":{"allow":["GET"]}}],"collection":[{"href":"https:\/\/www.mipesa.es\/en\/wp-json\/wp\/v2\/pages"}],"about":[{"href":"https:\/\/www.mipesa.es\/en\/wp-json\/wp\/v2\/types\/page"}],"author":[{"embeddable":true,"href":"https:\/\/www.mipesa.es\/en\/wp-json\/wp\/v2\/users\/1"}],"replies":[{"embeddable":true,"href":"https:\/\/www.mipesa.es\/en\/wp-json\/wp\/v2\/comments?post=418"}],"version-history":[{"count":0,"href":"https:\/\/www.mipesa.es\/en\/wp-json\/wp\/v2\/pages\/418\/revisions"}],"wp:featuredmedia":[{"embeddable":true,"href":"https:\/\/www.mipesa.es\/en\/wp-json\/wp\/v2\/media\/2087"}],"wp:attachment":[{"href":"https:\/\/www.mipesa.es\/en\/wp-json\/wp\/v2\/media?parent=418"}],"curies":[{"name":"wp","href":"https:\/\/api.w.org\/{rel}","templated":true}]}}